{"id":2083,"date":"2019-04-08T17:31:56","date_gmt":"2019-04-08T15:31:56","guid":{"rendered":"http:\/\/www.st-truck.com\/dove-siamo\/"},"modified":"2024-08-22T15:05:40","modified_gmt":"2024-08-22T13:05:40","slug":"dove-siamo","status":"publish","type":"page","link":"http:\/\/www.st-truck.com\/en\/dove-siamo\/","title":{"rendered":"Contatti"},"content":{"rendered":"<div id=\"cs-content\" class=\"cs-content\"><\/div>\n","protected":false},"excerpt":{"rendered":"<p>Dove siamo 45&deg;17&#8217;06.8&#8243;N 10&deg;47&#8217;58.0&#8243;E S.T. System Truck S.p.A. si trova in Via Paesa, 28 46048 Roverbella (MN) in auto in taxi Aeroporto Valerio Catullo (Villafranca di Verona)circa 17 km chiamando il +39 340 954 5038 (Noleggio Con Conducente Taxi Valeggio di Bertagna Fabio) la stazione pi\u00f9 vicina \u00e8 Mozzecanecirca 3 km la fermata pi\u00f9 vicina \u00e8 Roverbellacirca 1 km [showMapInfo]I &#8230; <\/p>\n<div><a href=\"http:\/\/www.st-truck.com\/en\/dove-siamo\/\" class=\"more-link\">Read More<\/a><\/div>\n","protected":false},"author":1,"featured_media":0,"parent":0,"menu_order":0,"comment_status":"closed","ping_status":"closed","template":"template-blank-4.php","meta":{"_acf_changed":false,"footnotes":""},"class_list":["post-2083","page","type-page","status-publish","hentry","no-post-thumbnail"],"acf":[],"_links":{"self":[{"href":"http:\/\/www.st-truck.com\/en\/wp-json\/wp\/v2\/pages\/2083","targetHints":{"allow":["GET"]}}],"collection":[{"href":"http:\/\/www.st-truck.com\/en\/wp-json\/wp\/v2\/pages"}],"about":[{"href":"http:\/\/www.st-truck.com\/en\/wp-json\/wp\/v2\/types\/page"}],"author":[{"embeddable":true,"href":"http:\/\/www.st-truck.com\/en\/wp-json\/wp\/v2\/users\/1"}],"replies":[{"embeddable":true,"href":"http:\/\/www.st-truck.com\/en\/wp-json\/wp\/v2\/comments?post=2083"}],"version-history":[{"count":16,"href":"http:\/\/www.st-truck.com\/en\/wp-json\/wp\/v2\/pages\/2083\/revisions"}],"predecessor-version":[{"id":2721,"href":"http:\/\/www.st-truck.com\/en\/wp-json\/wp\/v2\/pages\/2083\/revisions\/2721"}],"wp:attachment":[{"href":"http:\/\/www.st-truck.com\/en\/wp-json\/wp\/v2\/media?parent=2083"}],"curies":[{"name":"wp","href":"https:\/\/api.w.org\/{rel}","templated":true}]}}